{"id":1030,"date":"2018-10-12T10:12:51","date_gmt":"2018-10-12T07:12:51","guid":{"rendered":"https:\/\/www.piippo.fi.digiveljet.dev\/meista\/media\/"},"modified":"2018-10-18T09:06:32","modified_gmt":"2018-10-18T06:06:32","slug":"media","status":"publish","type":"page","link":"https:\/\/www.piippo.fi\/fi\/meista\/media\/","title":{"rendered":"Media"},"content":{"rendered":"","protected":false},"excerpt":{"rendered":"","protected":false},"author":1,"featured_media":865,"parent":143,"menu_order":4,"comment_status":"closed","ping_status":"closed","template":"","meta":{"footnotes":""},"categories":[15],"tags":[],"class_list":["post-1030","page","type-page","status-publish","has-post-thumbnail","hentry","category-medialle"],"acf":[],"yoast_head":"<!-- This site is optimized with the Yoast SEO plugin v20.3 - https:\/\/yoast.com\/wordpress\/plugins\/seo\/ -->\n<title>Media &ndash; Piippo \u2013\u00a0Focus on Feed<\/title>\n<meta name=\"description\" content=\"N\u00e4hd\u00e4kseen selke\u00e4sti koko kuvan, on usein otettava askel seuraavalle tasolle.\" \/>\n<meta name=\"robots\" content=\"index, follow, max-snippet:-1, max-image-preview:large, max-video-preview:-1\" \/>\n<link rel=\"canonical\" href=\"https:\/\/www.piippo.fi\/fi\/meista\/media\/\" \/>\n<meta property=\"og:locale\" content=\"fi_FI\" \/>\n<meta property=\"og:type\" content=\"article\" \/>\n<meta property=\"og:title\" content=\"Media &ndash; Piippo \u2013\u00a0Focus on Feed\" \/>\n<meta property=\"og:description\" content=\"N\u00e4hd\u00e4kseen selke\u00e4sti koko kuvan, on usein otettava askel seuraavalle tasolle.\" \/>\n<meta property=\"og:url\" content=\"https:\/\/www.piippo.fi\/fi\/meista\/media\/\" \/>\n<meta property=\"og:site_name\" content=\"Piippo \u2013\u00a0Focus on Feed\" \/>\n<meta property=\"article:modified_time\" content=\"2018-10-18T06:06:32+00:00\" \/>\n<meta property=\"og:image\" content=\"https:\/\/www.piippo.fi\/files\/piippo-ppt-taustat.jpg\" \/>\n\t<meta property=\"og:image:width\" content=\"2048\" \/>\n\t<meta property=\"og:image:height\" content=\"1152\" \/>\n\t<meta property=\"og:image:type\" content=\"image\/jpeg\" \/>\n<meta name=\"twitter:card\" content=\"summary_large_image\" \/>\n<script type=\"application\/ld+json\" class=\"yoast-schema-graph\">{\"@context\":\"https:\/\/schema.org\",\"@graph\":[{\"@type\":\"WebPage\",\"@id\":\"https:\/\/www.piippo.fi\/fi\/meista\/media\/\",\"url\":\"https:\/\/www.piippo.fi\/fi\/meista\/media\/\",\"name\":\"Media &ndash; Piippo \u2013\u00a0Focus on Feed\",\"isPartOf\":{\"@id\":\"https:\/\/www.piippo.fi\/#website\"},\"datePublished\":\"2018-10-12T07:12:51+00:00\",\"dateModified\":\"2018-10-18T06:06:32+00:00\",\"description\":\"N\u00e4hd\u00e4kseen selke\u00e4sti koko kuvan, on usein otettava askel seuraavalle tasolle.\",\"breadcrumb\":{\"@id\":\"https:\/\/www.piippo.fi\/fi\/meista\/media\/#breadcrumb\"},\"inLanguage\":\"fi\",\"potentialAction\":[{\"@type\":\"ReadAction\",\"target\":[\"https:\/\/www.piippo.fi\/fi\/meista\/media\/\"]}]},{\"@type\":\"BreadcrumbList\",\"@id\":\"https:\/\/www.piippo.fi\/fi\/meista\/media\/#breadcrumb\",\"itemListElement\":[{\"@type\":\"ListItem\",\"position\":1,\"name\":\"Etusivu\",\"item\":\"https:\/\/www.piippo.fi\/fi\/\"},{\"@type\":\"ListItem\",\"position\":2,\"name\":\"Meist\u00e4\",\"item\":\"https:\/\/www.piippo.fi\/fi\/meista\/\"},{\"@type\":\"ListItem\",\"position\":3,\"name\":\"Media\"}]},{\"@type\":\"WebSite\",\"@id\":\"https:\/\/www.piippo.fi\/#website\",\"url\":\"https:\/\/www.piippo.fi\/\",\"name\":\"Piippo \u2013\u00a0Focus on Feed\",\"description\":\"\",\"potentialAction\":[{\"@type\":\"SearchAction\",\"target\":{\"@type\":\"EntryPoint\",\"urlTemplate\":\"https:\/\/www.piippo.fi\/?s={search_term_string}\"},\"query-input\":\"required name=search_term_string\"}],\"inLanguage\":\"fi\"}]}<\/script>\n<!-- \/ Yoast SEO plugin. -->","yoast_head_json":{"title":"Media &ndash; Piippo \u2013\u00a0Focus on Feed","description":"N\u00e4hd\u00e4kseen selke\u00e4sti koko kuvan, on usein otettava askel seuraavalle tasolle.","robots":{"index":"index","follow":"follow","max-snippet":"max-snippet:-1","max-image-preview":"max-image-preview:large","max-video-preview":"max-video-preview:-1"},"canonical":"https:\/\/www.piippo.fi\/fi\/meista\/media\/","og_locale":"fi_FI","og_type":"article","og_title":"Media &ndash; Piippo \u2013\u00a0Focus on Feed","og_description":"N\u00e4hd\u00e4kseen selke\u00e4sti koko kuvan, on usein otettava askel seuraavalle tasolle.","og_url":"https:\/\/www.piippo.fi\/fi\/meista\/media\/","og_site_name":"Piippo \u2013\u00a0Focus on Feed","article_modified_time":"2018-10-18T06:06:32+00:00","og_image":[{"width":2048,"height":1152,"url":"https:\/\/www.piippo.fi\/files\/piippo-ppt-taustat.jpg","type":"image\/jpeg"}],"twitter_card":"summary_large_image","schema":{"@context":"https:\/\/schema.org","@graph":[{"@type":"WebPage","@id":"https:\/\/www.piippo.fi\/fi\/meista\/media\/","url":"https:\/\/www.piippo.fi\/fi\/meista\/media\/","name":"Media &ndash; Piippo \u2013\u00a0Focus on Feed","isPartOf":{"@id":"https:\/\/www.piippo.fi\/#website"},"datePublished":"2018-10-12T07:12:51+00:00","dateModified":"2018-10-18T06:06:32+00:00","description":"N\u00e4hd\u00e4kseen selke\u00e4sti koko kuvan, on usein otettava askel seuraavalle tasolle.","breadcrumb":{"@id":"https:\/\/www.piippo.fi\/fi\/meista\/media\/#breadcrumb"},"inLanguage":"fi","potentialAction":[{"@type":"ReadAction","target":["https:\/\/www.piippo.fi\/fi\/meista\/media\/"]}]},{"@type":"BreadcrumbList","@id":"https:\/\/www.piippo.fi\/fi\/meista\/media\/#breadcrumb","itemListElement":[{"@type":"ListItem","position":1,"name":"Etusivu","item":"https:\/\/www.piippo.fi\/fi\/"},{"@type":"ListItem","position":2,"name":"Meist\u00e4","item":"https:\/\/www.piippo.fi\/fi\/meista\/"},{"@type":"ListItem","position":3,"name":"Media"}]},{"@type":"WebSite","@id":"https:\/\/www.piippo.fi\/#website","url":"https:\/\/www.piippo.fi\/","name":"Piippo \u2013\u00a0Focus on Feed","description":"","potentialAction":[{"@type":"SearchAction","target":{"@type":"EntryPoint","urlTemplate":"https:\/\/www.piippo.fi\/?s={search_term_string}"},"query-input":"required name=search_term_string"}],"inLanguage":"fi"}]}},"_links":{"self":[{"href":"https:\/\/www.piippo.fi\/fi\/wp-json\/wp\/v2\/pages\/1030","targetHints":{"allow":["GET"]}}],"collection":[{"href":"https:\/\/www.piippo.fi\/fi\/wp-json\/wp\/v2\/pages"}],"about":[{"href":"https:\/\/www.piippo.fi\/fi\/wp-json\/wp\/v2\/types\/page"}],"author":[{"embeddable":true,"href":"https:\/\/www.piippo.fi\/fi\/wp-json\/wp\/v2\/users\/1"}],"replies":[{"embeddable":true,"href":"https:\/\/www.piippo.fi\/fi\/wp-json\/wp\/v2\/comments?post=1030"}],"version-history":[{"count":2,"href":"https:\/\/www.piippo.fi\/fi\/wp-json\/wp\/v2\/pages\/1030\/revisions"}],"predecessor-version":[{"id":1354,"href":"https:\/\/www.piippo.fi\/fi\/wp-json\/wp\/v2\/pages\/1030\/revisions\/1354"}],"up":[{"embeddable":true,"href":"https:\/\/www.piippo.fi\/fi\/wp-json\/wp\/v2\/pages\/143"}],"wp:featuredmedia":[{"embeddable":true,"href":"https:\/\/www.piippo.fi\/fi\/wp-json\/wp\/v2\/media\/865"}],"wp:attachment":[{"href":"https:\/\/www.piippo.fi\/fi\/wp-json\/wp\/v2\/media?parent=1030"}],"wp:term":[{"taxonomy":"category","embeddable":true,"href":"https:\/\/www.piippo.fi\/fi\/wp-json\/wp\/v2\/categories?post=1030"},{"taxonomy":"post_tag","embeddable":true,"href":"https:\/\/www.piippo.fi\/fi\/wp-json\/wp\/v2\/tags?post=1030"}],"curies":[{"name":"wp","href":"https:\/\/api.w.org\/{rel}","templated":true}]}}