{"id":117,"date":"2018-09-12T12:08:51","date_gmt":"2018-09-12T09:08:51","guid":{"rendered":"https:\/\/www.piippo.fi.digiveljet.dev\/focus-on-feed\/"},"modified":"2023-03-07T11:38:03","modified_gmt":"2023-03-07T09:38:03","slug":"focus-on-feed","status":"publish","type":"page","link":"https:\/\/www.piippo.fi\/fi\/focus-on-feed\/","title":{"rendered":"Focus on Feed"},"content":{"rendered":"<h1>Piipon paalausverkot ja paalauslangat ovat pieni mutta ratkaiseva osa korjuuketjun onnistumista.<\/h1>\n<p>Meille laatu on kaikki kaikessa. Siksi keskitymme siihen, ett\u00e4 paalaus onnistuu varmasti ja mahdollisimman v\u00e4h\u00e4n luontoa kuluttaen. Vain hyvin s\u00e4ilynyt sato tuottaa tulokset, joita maailman kasvava v\u00e4kim\u00e4\u00e4r\u00e4 tarvitsee.<\/p>\n","protected":false},"excerpt":{"rendered":"<p>Piipon paalausverkot ja paalauslangat ovat pieni mutta ratkaiseva osa korjuuketjun onnistumista. Meille laatu on kaikki kaikessa. Siksi keskitymme siihen, ett\u00e4 paalaus onnistuu varmasti ja mahdollisimman v\u00e4h\u00e4n luontoa kuluttaen. Vain hyvin s\u00e4ilynyt sato tuottaa tulokset, joita maailman kasvava v\u00e4kim\u00e4\u00e4r\u00e4 tarvitsee.<\/p>\n","protected":false},"author":1,"featured_media":3105,"parent":0,"menu_order":8,"comment_status":"closed","ping_status":"closed","template":"","meta":{"footnotes":""},"categories":[],"tags":[],"class_list":["post-117","page","type-page","status-publish","has-post-thumbnail","hentry"],"acf":[],"yoast_head":"<!-- This site is optimized with the Yoast SEO plugin v20.3 - https:\/\/yoast.com\/wordpress\/plugins\/seo\/ -->\n<title>Focus on Feed - Palvelu s\u00e4il\u00f6rehun tuottajille<\/title>\n<meta name=\"description\" content=\"Maatalous tarvitsee edell\u00e4k\u00e4vij\u00f6it\u00e4. Uuden palvelumme avulla tuotat parempaa rehua ja enemm\u00e4n maitoa. Piipolta my\u00f6s aina luotettavat paalaustuotteet.\" \/>\n<meta name=\"robots\" content=\"index, follow, max-snippet:-1, max-image-preview:large, max-video-preview:-1\" \/>\n<link rel=\"canonical\" href=\"https:\/\/www.piippo.fi\/fi\/focus-on-feed\/\" \/>\n<meta property=\"og:locale\" content=\"fi_FI\" \/>\n<meta property=\"og:type\" content=\"article\" \/>\n<meta property=\"og:title\" content=\"Focus on Feed - Palvelu s\u00e4il\u00f6rehun tuottajille\" \/>\n<meta property=\"og:description\" content=\"Maatalous tarvitsee edell\u00e4k\u00e4vij\u00f6it\u00e4. Uuden palvelumme avulla tuotat parempaa rehua ja enemm\u00e4n maitoa. Piipolta my\u00f6s aina luotettavat paalaustuotteet.\" \/>\n<meta property=\"og:url\" content=\"https:\/\/www.piippo.fi\/fi\/focus-on-feed\/\" \/>\n<meta property=\"og:site_name\" content=\"Piippo \u2013\u00a0Focus on Feed\" \/>\n<meta property=\"article:modified_time\" content=\"2023-03-07T09:38:03+00:00\" \/>\n<meta property=\"og:image\" content=\"https:\/\/www.piippo.fi\/files\/foflehmt-2.jpg\" \/>\n\t<meta property=\"og:image:width\" content=\"2048\" \/>\n\t<meta property=\"og:image:height\" content=\"1152\" \/>\n\t<meta property=\"og:image:type\" content=\"image\/jpeg\" \/>\n<meta name=\"twitter:card\" content=\"summary_large_image\" \/>\n<meta name=\"twitter:label1\" content=\"Arvioitu lukuaika\" \/>\n\t<meta name=\"twitter:data1\" content=\"1 minuutti\" \/>\n<script type=\"application\/ld+json\" class=\"yoast-schema-graph\">{\"@context\":\"https:\/\/schema.org\",\"@graph\":[{\"@type\":\"WebPage\",\"@id\":\"https:\/\/www.piippo.fi\/fi\/focus-on-feed\/\",\"url\":\"https:\/\/www.piippo.fi\/fi\/focus-on-feed\/\",\"name\":\"Focus on Feed - Palvelu s\u00e4il\u00f6rehun tuottajille\",\"isPartOf\":{\"@id\":\"https:\/\/www.piippo.fi\/#website\"},\"datePublished\":\"2018-09-12T09:08:51+00:00\",\"dateModified\":\"2023-03-07T09:38:03+00:00\",\"description\":\"Maatalous tarvitsee edell\u00e4k\u00e4vij\u00f6it\u00e4. Uuden palvelumme avulla tuotat parempaa rehua ja enemm\u00e4n maitoa. Piipolta my\u00f6s aina luotettavat paalaustuotteet.\",\"breadcrumb\":{\"@id\":\"https:\/\/www.piippo.fi\/fi\/focus-on-feed\/#breadcrumb\"},\"inLanguage\":\"fi\",\"potentialAction\":[{\"@type\":\"ReadAction\",\"target\":[\"https:\/\/www.piippo.fi\/fi\/focus-on-feed\/\"]}]},{\"@type\":\"BreadcrumbList\",\"@id\":\"https:\/\/www.piippo.fi\/fi\/focus-on-feed\/#breadcrumb\",\"itemListElement\":[{\"@type\":\"ListItem\",\"position\":1,\"name\":\"Etusivu\",\"item\":\"https:\/\/www.piippo.fi\/fi\/\"},{\"@type\":\"ListItem\",\"position\":2,\"name\":\"Focus on Feed\"}]},{\"@type\":\"WebSite\",\"@id\":\"https:\/\/www.piippo.fi\/#website\",\"url\":\"https:\/\/www.piippo.fi\/\",\"name\":\"Piippo \u2013\u00a0Focus on Feed\",\"description\":\"\",\"potentialAction\":[{\"@type\":\"SearchAction\",\"target\":{\"@type\":\"EntryPoint\",\"urlTemplate\":\"https:\/\/www.piippo.fi\/?s={search_term_string}\"},\"query-input\":\"required name=search_term_string\"}],\"inLanguage\":\"fi\"}]}<\/script>\n<!-- \/ Yoast SEO plugin. -->","yoast_head_json":{"title":"Focus on Feed - Palvelu s\u00e4il\u00f6rehun tuottajille","description":"Maatalous tarvitsee edell\u00e4k\u00e4vij\u00f6it\u00e4. Uuden palvelumme avulla tuotat parempaa rehua ja enemm\u00e4n maitoa. Piipolta my\u00f6s aina luotettavat paalaustuotteet.","robots":{"index":"index","follow":"follow","max-snippet":"max-snippet:-1","max-image-preview":"max-image-preview:large","max-video-preview":"max-video-preview:-1"},"canonical":"https:\/\/www.piippo.fi\/fi\/focus-on-feed\/","og_locale":"fi_FI","og_type":"article","og_title":"Focus on Feed - Palvelu s\u00e4il\u00f6rehun tuottajille","og_description":"Maatalous tarvitsee edell\u00e4k\u00e4vij\u00f6it\u00e4. Uuden palvelumme avulla tuotat parempaa rehua ja enemm\u00e4n maitoa. Piipolta my\u00f6s aina luotettavat paalaustuotteet.","og_url":"https:\/\/www.piippo.fi\/fi\/focus-on-feed\/","og_site_name":"Piippo \u2013\u00a0Focus on Feed","article_modified_time":"2023-03-07T09:38:03+00:00","og_image":[{"width":2048,"height":1152,"url":"https:\/\/www.piippo.fi\/files\/foflehmt-2.jpg","type":"image\/jpeg"}],"twitter_card":"summary_large_image","twitter_misc":{"Arvioitu lukuaika":"1 minuutti"},"schema":{"@context":"https:\/\/schema.org","@graph":[{"@type":"WebPage","@id":"https:\/\/www.piippo.fi\/fi\/focus-on-feed\/","url":"https:\/\/www.piippo.fi\/fi\/focus-on-feed\/","name":"Focus on Feed - Palvelu s\u00e4il\u00f6rehun tuottajille","isPartOf":{"@id":"https:\/\/www.piippo.fi\/#website"},"datePublished":"2018-09-12T09:08:51+00:00","dateModified":"2023-03-07T09:38:03+00:00","description":"Maatalous tarvitsee edell\u00e4k\u00e4vij\u00f6it\u00e4. Uuden palvelumme avulla tuotat parempaa rehua ja enemm\u00e4n maitoa. Piipolta my\u00f6s aina luotettavat paalaustuotteet.","breadcrumb":{"@id":"https:\/\/www.piippo.fi\/fi\/focus-on-feed\/#breadcrumb"},"inLanguage":"fi","potentialAction":[{"@type":"ReadAction","target":["https:\/\/www.piippo.fi\/fi\/focus-on-feed\/"]}]},{"@type":"BreadcrumbList","@id":"https:\/\/www.piippo.fi\/fi\/focus-on-feed\/#breadcrumb","itemListElement":[{"@type":"ListItem","position":1,"name":"Etusivu","item":"https:\/\/www.piippo.fi\/fi\/"},{"@type":"ListItem","position":2,"name":"Focus on Feed"}]},{"@type":"WebSite","@id":"https:\/\/www.piippo.fi\/#website","url":"https:\/\/www.piippo.fi\/","name":"Piippo \u2013\u00a0Focus on Feed","description":"","potentialAction":[{"@type":"SearchAction","target":{"@type":"EntryPoint","urlTemplate":"https:\/\/www.piippo.fi\/?s={search_term_string}"},"query-input":"required name=search_term_string"}],"inLanguage":"fi"}]}},"_links":{"self":[{"href":"https:\/\/www.piippo.fi\/fi\/wp-json\/wp\/v2\/pages\/117","targetHints":{"allow":["GET"]}}],"collection":[{"href":"https:\/\/www.piippo.fi\/fi\/wp-json\/wp\/v2\/pages"}],"about":[{"href":"https:\/\/www.piippo.fi\/fi\/wp-json\/wp\/v2\/types\/page"}],"author":[{"embeddable":true,"href":"https:\/\/www.piippo.fi\/fi\/wp-json\/wp\/v2\/users\/1"}],"replies":[{"embeddable":true,"href":"https:\/\/www.piippo.fi\/fi\/wp-json\/wp\/v2\/comments?post=117"}],"version-history":[{"count":4,"href":"https:\/\/www.piippo.fi\/fi\/wp-json\/wp\/v2\/pages\/117\/revisions"}],"predecessor-version":[{"id":7335,"href":"https:\/\/www.piippo.fi\/fi\/wp-json\/wp\/v2\/pages\/117\/revisions\/7335"}],"wp:featuredmedia":[{"embeddable":true,"href":"https:\/\/www.piippo.fi\/fi\/wp-json\/wp\/v2\/media\/3105"}],"wp:attachment":[{"href":"https:\/\/www.piippo.fi\/fi\/wp-json\/wp\/v2\/media?parent=117"}],"wp:term":[{"taxonomy":"category","embeddable":true,"href":"https:\/\/www.piippo.fi\/fi\/wp-json\/wp\/v2\/categories?post=117"},{"taxonomy":"post_tag","embeddable":true,"href":"https:\/\/www.piippo.fi\/fi\/wp-json\/wp\/v2\/tags?post=117"}],"curies":[{"name":"wp","href":"https:\/\/api.w.org\/{rel}","templated":true}]}}