{"id":144,"date":"2018-09-12T12:08:59","date_gmt":"2018-09-12T09:08:59","guid":{"rendered":"https:\/\/www.piippo.fi.digiveljet.dev\/meista\/tuotekehitys\/"},"modified":"2018-10-16T15:02:37","modified_gmt":"2018-10-16T12:02:37","slug":"tuotekehitys","status":"publish","type":"page","link":"https:\/\/www.piippo.fi\/fi\/meista\/tuotekehitys\/","title":{"rendered":"Tuotekehitys"},"content":{"rendered":"","protected":false},"excerpt":{"rendered":"","protected":false},"author":1,"featured_media":631,"parent":143,"menu_order":0,"comment_status":"closed","ping_status":"closed","template":"","meta":{"footnotes":""},"categories":[17,21],"tags":[],"class_list":["post-144","page","type-page","status-publish","has-post-thumbnail","hentry","category-sijoittajalle","category-tuotteet"],"acf":[],"yoast_head":"<!-- This site is optimized with the Yoast SEO plugin v20.3 - https:\/\/yoast.com\/wordpress\/plugins\/seo\/ -->\n<title>Tuotekehitys \u2013\u00a0Piippo \u2013 Focus on Feed<\/title>\n<meta name=\"description\" content=\"Fokusoimme siihen mink\u00e4 osaamme parhaiten. Menetelm\u00e4- ja teknologiaosaamisemme yhdistettyn\u00e4 tiiviiseen yhteisty\u00f6h\u00f6n takaavat jatkossakin edell\u00e4k\u00e4vij\u00f6iden ratkaisut.\" \/>\n<meta name=\"robots\" content=\"index, follow, max-snippet:-1, max-image-preview:large, max-video-preview:-1\" \/>\n<link rel=\"canonical\" href=\"https:\/\/www.piippo.fi\/fi\/meista\/tuotekehitys\/\" \/>\n<meta property=\"og:locale\" content=\"fi_FI\" \/>\n<meta property=\"og:type\" content=\"article\" \/>\n<meta property=\"og:title\" content=\"Tuotekehitys \u2013\u00a0Piippo \u2013 Focus on Feed\" \/>\n<meta property=\"og:description\" content=\"Fokusoimme siihen mink\u00e4 osaamme parhaiten. Menetelm\u00e4- ja teknologiaosaamisemme yhdistettyn\u00e4 tiiviiseen yhteisty\u00f6h\u00f6n takaavat jatkossakin edell\u00e4k\u00e4vij\u00f6iden ratkaisut.\" \/>\n<meta property=\"og:url\" content=\"https:\/\/www.piippo.fi\/fi\/meista\/tuotekehitys\/\" \/>\n<meta property=\"og:site_name\" content=\"Piippo \u2013\u00a0Focus on Feed\" \/>\n<meta property=\"article:modified_time\" content=\"2018-10-16T12:02:37+00:00\" \/>\n<meta property=\"og:image\" content=\"https:\/\/www.piippo.fi\/files\/piippo_hitec.jpg\" \/>\n\t<meta property=\"og:image:width\" content=\"1536\" \/>\n\t<meta property=\"og:image:height\" content=\"768\" \/>\n\t<meta property=\"og:image:type\" content=\"image\/jpeg\" \/>\n<meta name=\"twitter:card\" content=\"summary_large_image\" \/>\n<script type=\"application\/ld+json\" class=\"yoast-schema-graph\">{\"@context\":\"https:\/\/schema.org\",\"@graph\":[{\"@type\":\"WebPage\",\"@id\":\"https:\/\/www.piippo.fi\/fi\/meista\/tuotekehitys\/\",\"url\":\"https:\/\/www.piippo.fi\/fi\/meista\/tuotekehitys\/\",\"name\":\"Tuotekehitys \u2013\u00a0Piippo \u2013 Focus on Feed\",\"isPartOf\":{\"@id\":\"https:\/\/www.piippo.fi\/#website\"},\"datePublished\":\"2018-09-12T09:08:59+00:00\",\"dateModified\":\"2018-10-16T12:02:37+00:00\",\"description\":\"Fokusoimme siihen mink\u00e4 osaamme parhaiten. Menetelm\u00e4- ja teknologiaosaamisemme yhdistettyn\u00e4 tiiviiseen yhteisty\u00f6h\u00f6n takaavat jatkossakin edell\u00e4k\u00e4vij\u00f6iden ratkaisut.\",\"breadcrumb\":{\"@id\":\"https:\/\/www.piippo.fi\/fi\/meista\/tuotekehitys\/#breadcrumb\"},\"inLanguage\":\"fi\",\"potentialAction\":[{\"@type\":\"ReadAction\",\"target\":[\"https:\/\/www.piippo.fi\/fi\/meista\/tuotekehitys\/\"]}]},{\"@type\":\"BreadcrumbList\",\"@id\":\"https:\/\/www.piippo.fi\/fi\/meista\/tuotekehitys\/#breadcrumb\",\"itemListElement\":[{\"@type\":\"ListItem\",\"position\":1,\"name\":\"Etusivu\",\"item\":\"https:\/\/www.piippo.fi\/fi\/\"},{\"@type\":\"ListItem\",\"position\":2,\"name\":\"Meist\u00e4\",\"item\":\"https:\/\/www.piippo.fi\/fi\/meista\/\"},{\"@type\":\"ListItem\",\"position\":3,\"name\":\"Tuotekehitys\"}]},{\"@type\":\"WebSite\",\"@id\":\"https:\/\/www.piippo.fi\/#website\",\"url\":\"https:\/\/www.piippo.fi\/\",\"name\":\"Piippo \u2013\u00a0Focus on Feed\",\"description\":\"\",\"potentialAction\":[{\"@type\":\"SearchAction\",\"target\":{\"@type\":\"EntryPoint\",\"urlTemplate\":\"https:\/\/www.piippo.fi\/?s={search_term_string}\"},\"query-input\":\"required name=search_term_string\"}],\"inLanguage\":\"fi\"}]}<\/script>\n<!-- \/ Yoast SEO plugin. -->","yoast_head_json":{"title":"Tuotekehitys \u2013\u00a0Piippo \u2013 Focus on Feed","description":"Fokusoimme siihen mink\u00e4 osaamme parhaiten. Menetelm\u00e4- ja teknologiaosaamisemme yhdistettyn\u00e4 tiiviiseen yhteisty\u00f6h\u00f6n takaavat jatkossakin edell\u00e4k\u00e4vij\u00f6iden ratkaisut.","robots":{"index":"index","follow":"follow","max-snippet":"max-snippet:-1","max-image-preview":"max-image-preview:large","max-video-preview":"max-video-preview:-1"},"canonical":"https:\/\/www.piippo.fi\/fi\/meista\/tuotekehitys\/","og_locale":"fi_FI","og_type":"article","og_title":"Tuotekehitys \u2013\u00a0Piippo \u2013 Focus on Feed","og_description":"Fokusoimme siihen mink\u00e4 osaamme parhaiten. Menetelm\u00e4- ja teknologiaosaamisemme yhdistettyn\u00e4 tiiviiseen yhteisty\u00f6h\u00f6n takaavat jatkossakin edell\u00e4k\u00e4vij\u00f6iden ratkaisut.","og_url":"https:\/\/www.piippo.fi\/fi\/meista\/tuotekehitys\/","og_site_name":"Piippo \u2013\u00a0Focus on Feed","article_modified_time":"2018-10-16T12:02:37+00:00","og_image":[{"width":1536,"height":768,"url":"https:\/\/www.piippo.fi\/files\/piippo_hitec.jpg","type":"image\/jpeg"}],"twitter_card":"summary_large_image","schema":{"@context":"https:\/\/schema.org","@graph":[{"@type":"WebPage","@id":"https:\/\/www.piippo.fi\/fi\/meista\/tuotekehitys\/","url":"https:\/\/www.piippo.fi\/fi\/meista\/tuotekehitys\/","name":"Tuotekehitys \u2013\u00a0Piippo \u2013 Focus on Feed","isPartOf":{"@id":"https:\/\/www.piippo.fi\/#website"},"datePublished":"2018-09-12T09:08:59+00:00","dateModified":"2018-10-16T12:02:37+00:00","description":"Fokusoimme siihen mink\u00e4 osaamme parhaiten. Menetelm\u00e4- ja teknologiaosaamisemme yhdistettyn\u00e4 tiiviiseen yhteisty\u00f6h\u00f6n takaavat jatkossakin edell\u00e4k\u00e4vij\u00f6iden ratkaisut.","breadcrumb":{"@id":"https:\/\/www.piippo.fi\/fi\/meista\/tuotekehitys\/#breadcrumb"},"inLanguage":"fi","potentialAction":[{"@type":"ReadAction","target":["https:\/\/www.piippo.fi\/fi\/meista\/tuotekehitys\/"]}]},{"@type":"BreadcrumbList","@id":"https:\/\/www.piippo.fi\/fi\/meista\/tuotekehitys\/#breadcrumb","itemListElement":[{"@type":"ListItem","position":1,"name":"Etusivu","item":"https:\/\/www.piippo.fi\/fi\/"},{"@type":"ListItem","position":2,"name":"Meist\u00e4","item":"https:\/\/www.piippo.fi\/fi\/meista\/"},{"@type":"ListItem","position":3,"name":"Tuotekehitys"}]},{"@type":"WebSite","@id":"https:\/\/www.piippo.fi\/#website","url":"https:\/\/www.piippo.fi\/","name":"Piippo \u2013\u00a0Focus on Feed","description":"","potentialAction":[{"@type":"SearchAction","target":{"@type":"EntryPoint","urlTemplate":"https:\/\/www.piippo.fi\/?s={search_term_string}"},"query-input":"required name=search_term_string"}],"inLanguage":"fi"}]}},"_links":{"self":[{"href":"https:\/\/www.piippo.fi\/fi\/wp-json\/wp\/v2\/pages\/144","targetHints":{"allow":["GET"]}}],"collection":[{"href":"https:\/\/www.piippo.fi\/fi\/wp-json\/wp\/v2\/pages"}],"about":[{"href":"https:\/\/www.piippo.fi\/fi\/wp-json\/wp\/v2\/types\/page"}],"author":[{"embeddable":true,"href":"https:\/\/www.piippo.fi\/fi\/wp-json\/wp\/v2\/users\/1"}],"replies":[{"embeddable":true,"href":"https:\/\/www.piippo.fi\/fi\/wp-json\/wp\/v2\/comments?post=144"}],"version-history":[{"count":2,"href":"https:\/\/www.piippo.fi\/fi\/wp-json\/wp\/v2\/pages\/144\/revisions"}],"predecessor-version":[{"id":1257,"href":"https:\/\/www.piippo.fi\/fi\/wp-json\/wp\/v2\/pages\/144\/revisions\/1257"}],"up":[{"embeddable":true,"href":"https:\/\/www.piippo.fi\/fi\/wp-json\/wp\/v2\/pages\/143"}],"wp:featuredmedia":[{"embeddable":true,"href":"https:\/\/www.piippo.fi\/fi\/wp-json\/wp\/v2\/media\/631"}],"wp:attachment":[{"href":"https:\/\/www.piippo.fi\/fi\/wp-json\/wp\/v2\/media?parent=144"}],"wp:term":[{"taxonomy":"category","embeddable":true,"href":"https:\/\/www.piippo.fi\/fi\/wp-json\/wp\/v2\/categories?post=144"},{"taxonomy":"post_tag","embeddable":true,"href":"https:\/\/www.piippo.fi\/fi\/wp-json\/wp\/v2\/tags?post=144"}],"curies":[{"name":"wp","href":"https:\/\/api.w.org\/{rel}","templated":true}]}}