{"id":145,"date":"2018-09-12T12:08:59","date_gmt":"2018-09-12T09:08:59","guid":{"rendered":"https:\/\/www.piippo.fi.digiveljet.dev\/meista\/vastuullisuus\/"},"modified":"2018-10-16T15:06:45","modified_gmt":"2018-10-16T12:06:45","slug":"vastuullisuus","status":"publish","type":"page","link":"https:\/\/www.piippo.fi\/fi\/meista\/vastuullisuus\/","title":{"rendered":"Vastuullisuus"},"content":{"rendered":"","protected":false},"excerpt":{"rendered":"","protected":false},"author":1,"featured_media":348,"parent":143,"menu_order":5,"comment_status":"closed","ping_status":"closed","template":"","meta":{"footnotes":""},"categories":[33,31,15,17],"tags":[],"class_list":["post-145","page","type-page","status-publish","has-post-thumbnail","hentry","category-ajankohtaista","category-lehdistotiedote","category-medialle","category-sijoittajalle"],"acf":[],"yoast_head":"<!-- This site is optimized with the Yoast SEO plugin v20.3 - https:\/\/yoast.com\/wordpress\/plugins\/seo\/ -->\n<title>Vastuullisuus ja ekologisuus \u2013\u00a0Piippo \u2013\u00a0Focus on Feed<\/title>\n<meta name=\"description\" content=\"Teemme jatkuvasti t\u00f6it\u00e4, ett\u00e4 tuotteemme olisivat entist\u00e4 varmempia ja ekologisempia k\u00e4ytt\u00e4\u00e4 \u2013 unohtamatta t\u00e4ysin uusien ratkaisujen kartoittamista.\" \/>\n<meta name=\"robots\" content=\"index, follow, max-snippet:-1, max-image-preview:large, max-video-preview:-1\" \/>\n<link rel=\"canonical\" href=\"https:\/\/www.piippo.fi\/fi\/meista\/vastuullisuus\/\" \/>\n<meta property=\"og:locale\" content=\"fi_FI\" \/>\n<meta property=\"og:type\" content=\"article\" \/>\n<meta property=\"og:title\" content=\"Vastuullisuus ja ekologisuus \u2013\u00a0Piippo \u2013\u00a0Focus on Feed\" \/>\n<meta property=\"og:description\" content=\"Teemme jatkuvasti t\u00f6it\u00e4, ett\u00e4 tuotteemme olisivat entist\u00e4 varmempia ja ekologisempia k\u00e4ytt\u00e4\u00e4 \u2013 unohtamatta t\u00e4ysin uusien ratkaisujen kartoittamista.\" \/>\n<meta property=\"og:url\" content=\"https:\/\/www.piippo.fi\/fi\/meista\/vastuullisuus\/\" \/>\n<meta property=\"og:site_name\" content=\"Piippo \u2013\u00a0Focus on Feed\" \/>\n<meta property=\"article:modified_time\" content=\"2018-10-16T12:06:45+00:00\" \/>\n<meta property=\"og:image\" content=\"https:\/\/www.piippo.fi\/files\/dsc7760-edit.jpg\" \/>\n\t<meta property=\"og:image:width\" content=\"2048\" \/>\n\t<meta property=\"og:image:height\" content=\"1365\" \/>\n\t<meta property=\"og:image:type\" content=\"image\/jpeg\" \/>\n<meta name=\"twitter:card\" content=\"summary_large_image\" \/>\n<script type=\"application\/ld+json\" class=\"yoast-schema-graph\">{\"@context\":\"https:\/\/schema.org\",\"@graph\":[{\"@type\":\"WebPage\",\"@id\":\"https:\/\/www.piippo.fi\/fi\/meista\/vastuullisuus\/\",\"url\":\"https:\/\/www.piippo.fi\/fi\/meista\/vastuullisuus\/\",\"name\":\"Vastuullisuus ja ekologisuus \u2013\u00a0Piippo \u2013\u00a0Focus on Feed\",\"isPartOf\":{\"@id\":\"https:\/\/www.piippo.fi\/#website\"},\"datePublished\":\"2018-09-12T09:08:59+00:00\",\"dateModified\":\"2018-10-16T12:06:45+00:00\",\"description\":\"Teemme jatkuvasti t\u00f6it\u00e4, ett\u00e4 tuotteemme olisivat entist\u00e4 varmempia ja ekologisempia k\u00e4ytt\u00e4\u00e4 \u2013 unohtamatta t\u00e4ysin uusien ratkaisujen kartoittamista.\",\"breadcrumb\":{\"@id\":\"https:\/\/www.piippo.fi\/fi\/meista\/vastuullisuus\/#breadcrumb\"},\"inLanguage\":\"fi\",\"potentialAction\":[{\"@type\":\"ReadAction\",\"target\":[\"https:\/\/www.piippo.fi\/fi\/meista\/vastuullisuus\/\"]}]},{\"@type\":\"BreadcrumbList\",\"@id\":\"https:\/\/www.piippo.fi\/fi\/meista\/vastuullisuus\/#breadcrumb\",\"itemListElement\":[{\"@type\":\"ListItem\",\"position\":1,\"name\":\"Etusivu\",\"item\":\"https:\/\/www.piippo.fi\/fi\/\"},{\"@type\":\"ListItem\",\"position\":2,\"name\":\"Meist\u00e4\",\"item\":\"https:\/\/www.piippo.fi\/fi\/meista\/\"},{\"@type\":\"ListItem\",\"position\":3,\"name\":\"Vastuullisuus\"}]},{\"@type\":\"WebSite\",\"@id\":\"https:\/\/www.piippo.fi\/#website\",\"url\":\"https:\/\/www.piippo.fi\/\",\"name\":\"Piippo \u2013\u00a0Focus on Feed\",\"description\":\"\",\"potentialAction\":[{\"@type\":\"SearchAction\",\"target\":{\"@type\":\"EntryPoint\",\"urlTemplate\":\"https:\/\/www.piippo.fi\/?s={search_term_string}\"},\"query-input\":\"required name=search_term_string\"}],\"inLanguage\":\"fi\"}]}<\/script>\n<!-- \/ Yoast SEO plugin. -->","yoast_head_json":{"title":"Vastuullisuus ja ekologisuus \u2013\u00a0Piippo \u2013\u00a0Focus on Feed","description":"Teemme jatkuvasti t\u00f6it\u00e4, ett\u00e4 tuotteemme olisivat entist\u00e4 varmempia ja ekologisempia k\u00e4ytt\u00e4\u00e4 \u2013 unohtamatta t\u00e4ysin uusien ratkaisujen kartoittamista.","robots":{"index":"index","follow":"follow","max-snippet":"max-snippet:-1","max-image-preview":"max-image-preview:large","max-video-preview":"max-video-preview:-1"},"canonical":"https:\/\/www.piippo.fi\/fi\/meista\/vastuullisuus\/","og_locale":"fi_FI","og_type":"article","og_title":"Vastuullisuus ja ekologisuus \u2013\u00a0Piippo \u2013\u00a0Focus on Feed","og_description":"Teemme jatkuvasti t\u00f6it\u00e4, ett\u00e4 tuotteemme olisivat entist\u00e4 varmempia ja ekologisempia k\u00e4ytt\u00e4\u00e4 \u2013 unohtamatta t\u00e4ysin uusien ratkaisujen kartoittamista.","og_url":"https:\/\/www.piippo.fi\/fi\/meista\/vastuullisuus\/","og_site_name":"Piippo \u2013\u00a0Focus on Feed","article_modified_time":"2018-10-16T12:06:45+00:00","og_image":[{"width":2048,"height":1365,"url":"https:\/\/www.piippo.fi\/files\/dsc7760-edit.jpg","type":"image\/jpeg"}],"twitter_card":"summary_large_image","schema":{"@context":"https:\/\/schema.org","@graph":[{"@type":"WebPage","@id":"https:\/\/www.piippo.fi\/fi\/meista\/vastuullisuus\/","url":"https:\/\/www.piippo.fi\/fi\/meista\/vastuullisuus\/","name":"Vastuullisuus ja ekologisuus \u2013\u00a0Piippo \u2013\u00a0Focus on Feed","isPartOf":{"@id":"https:\/\/www.piippo.fi\/#website"},"datePublished":"2018-09-12T09:08:59+00:00","dateModified":"2018-10-16T12:06:45+00:00","description":"Teemme jatkuvasti t\u00f6it\u00e4, ett\u00e4 tuotteemme olisivat entist\u00e4 varmempia ja ekologisempia k\u00e4ytt\u00e4\u00e4 \u2013 unohtamatta t\u00e4ysin uusien ratkaisujen kartoittamista.","breadcrumb":{"@id":"https:\/\/www.piippo.fi\/fi\/meista\/vastuullisuus\/#breadcrumb"},"inLanguage":"fi","potentialAction":[{"@type":"ReadAction","target":["https:\/\/www.piippo.fi\/fi\/meista\/vastuullisuus\/"]}]},{"@type":"BreadcrumbList","@id":"https:\/\/www.piippo.fi\/fi\/meista\/vastuullisuus\/#breadcrumb","itemListElement":[{"@type":"ListItem","position":1,"name":"Etusivu","item":"https:\/\/www.piippo.fi\/fi\/"},{"@type":"ListItem","position":2,"name":"Meist\u00e4","item":"https:\/\/www.piippo.fi\/fi\/meista\/"},{"@type":"ListItem","position":3,"name":"Vastuullisuus"}]},{"@type":"WebSite","@id":"https:\/\/www.piippo.fi\/#website","url":"https:\/\/www.piippo.fi\/","name":"Piippo \u2013\u00a0Focus on Feed","description":"","potentialAction":[{"@type":"SearchAction","target":{"@type":"EntryPoint","urlTemplate":"https:\/\/www.piippo.fi\/?s={search_term_string}"},"query-input":"required name=search_term_string"}],"inLanguage":"fi"}]}},"_links":{"self":[{"href":"https:\/\/www.piippo.fi\/fi\/wp-json\/wp\/v2\/pages\/145","targetHints":{"allow":["GET"]}}],"collection":[{"href":"https:\/\/www.piippo.fi\/fi\/wp-json\/wp\/v2\/pages"}],"about":[{"href":"https:\/\/www.piippo.fi\/fi\/wp-json\/wp\/v2\/types\/page"}],"author":[{"embeddable":true,"href":"https:\/\/www.piippo.fi\/fi\/wp-json\/wp\/v2\/users\/1"}],"replies":[{"embeddable":true,"href":"https:\/\/www.piippo.fi\/fi\/wp-json\/wp\/v2\/comments?post=145"}],"version-history":[{"count":2,"href":"https:\/\/www.piippo.fi\/fi\/wp-json\/wp\/v2\/pages\/145\/revisions"}],"predecessor-version":[{"id":1260,"href":"https:\/\/www.piippo.fi\/fi\/wp-json\/wp\/v2\/pages\/145\/revisions\/1260"}],"up":[{"embeddable":true,"href":"https:\/\/www.piippo.fi\/fi\/wp-json\/wp\/v2\/pages\/143"}],"wp:featuredmedia":[{"embeddable":true,"href":"https:\/\/www.piippo.fi\/fi\/wp-json\/wp\/v2\/media\/348"}],"wp:attachment":[{"href":"https:\/\/www.piippo.fi\/fi\/wp-json\/wp\/v2\/media?parent=145"}],"wp:term":[{"taxonomy":"category","embeddable":true,"href":"https:\/\/www.piippo.fi\/fi\/wp-json\/wp\/v2\/categories?post=145"},{"taxonomy":"post_tag","embeddable":true,"href":"https:\/\/www.piippo.fi\/fi\/wp-json\/wp\/v2\/tags?post=145"}],"curies":[{"name":"wp","href":"https:\/\/api.w.org\/{rel}","templated":true}]}}