{"id":7864,"date":"2018-10-16T15:39:32","date_gmt":"2018-10-16T12:39:32","guid":{"rendered":"https:\/\/www.piippo.fi.digiveljet.dev\/home\/"},"modified":"2026-03-13T20:56:12","modified_gmt":"2026-03-13T14:56:12","slug":"home","status":"publish","type":"page","link":"https:\/\/www.piippo.fi\/fi\/","title":{"rendered":"Etusivu"},"content":{"rendered":"","protected":false},"excerpt":{"rendered":"","protected":false},"author":1,"featured_media":865,"parent":0,"menu_order":0,"comment_status":"closed","ping_status":"closed","template":"template-front-page.php","meta":{"footnotes":""},"categories":[],"tags":[],"class_list":["post-7864","page","type-page","status-publish","has-post-thumbnail","hentry"],"acf":[],"yoast_head":"<!-- This site is optimized with the Yoast SEO plugin v20.3 - https:\/\/yoast.com\/wordpress\/plugins\/seo\/ -->\n<title>Paalausverkot ja paalauslangat \u2013 Piippo \u2013 Focus on Feed<\/title>\n<meta name=\"description\" content=\"Meille laatu on kaikki kaikessa. Siksi keskitymme siihen ett\u00e4 paalaus onnistuu varmasti ja mahdollisimman v\u00e4h\u00e4n luontoa kuluttaen. Vain hyvin s\u00e4ilynyt sato tuottaa tulokset joita maailman kasvava v\u00e4kim\u00e4\u00e4r\u00e4 tarvitsee.\" \/>\n<meta name=\"robots\" content=\"index, follow, max-snippet:-1, max-image-preview:large, max-video-preview:-1\" \/>\n<link rel=\"canonical\" href=\"https:\/\/www.piippo.fi\/fi\/\" \/>\n<meta property=\"og:locale\" content=\"fi_FI\" \/>\n<meta property=\"og:type\" content=\"article\" \/>\n<meta property=\"og:title\" content=\"Paalausverkot ja paalauslangat \u2013 Piippo \u2013 Focus on Feed\" \/>\n<meta property=\"og:description\" content=\"Meille laatu on kaikki kaikessa. Siksi keskitymme siihen ett\u00e4 paalaus onnistuu varmasti ja mahdollisimman v\u00e4h\u00e4n luontoa kuluttaen. Vain hyvin s\u00e4ilynyt sato tuottaa tulokset joita maailman kasvava v\u00e4kim\u00e4\u00e4r\u00e4 tarvitsee.\" \/>\n<meta property=\"og:url\" content=\"https:\/\/www.piippo.fi\/fi\/\" \/>\n<meta property=\"og:site_name\" content=\"Piippo \u2013\u00a0Focus on Feed\" \/>\n<meta property=\"article:modified_time\" content=\"2026-03-13T14:56:12+00:00\" \/>\n<meta property=\"og:image\" content=\"https:\/\/www.piippo.fi\/files\/piippo_focus-on-feed_1200x630.jpg\" \/>\n\t<meta property=\"og:image:width\" content=\"1200\" \/>\n\t<meta property=\"og:image:height\" content=\"630\" \/>\n\t<meta property=\"og:image:type\" content=\"image\/jpeg\" \/>\n<meta name=\"twitter:card\" content=\"summary_large_image\" \/>\n<script type=\"application\/ld+json\" class=\"yoast-schema-graph\">{\"@context\":\"https:\/\/schema.org\",\"@graph\":[{\"@type\":\"WebPage\",\"@id\":\"https:\/\/www.piippo.fi\/fi\/\",\"url\":\"https:\/\/www.piippo.fi\/fi\/\",\"name\":\"Paalausverkot ja paalauslangat \u2013 Piippo \u2013 Focus on Feed\",\"isPartOf\":{\"@id\":\"https:\/\/www.piippo.fi\/#website\"},\"datePublished\":\"2018-10-16T12:39:32+00:00\",\"dateModified\":\"2026-03-13T14:56:12+00:00\",\"description\":\"Meille laatu on kaikki kaikessa. Siksi keskitymme siihen ett\u00e4 paalaus onnistuu varmasti ja mahdollisimman v\u00e4h\u00e4n luontoa kuluttaen. Vain hyvin s\u00e4ilynyt sato tuottaa tulokset joita maailman kasvava v\u00e4kim\u00e4\u00e4r\u00e4 tarvitsee.\",\"breadcrumb\":{\"@id\":\"https:\/\/www.piippo.fi\/fi\/#breadcrumb\"},\"inLanguage\":\"fi\",\"potentialAction\":[{\"@type\":\"ReadAction\",\"target\":[\"https:\/\/www.piippo.fi\/fi\/\"]}]},{\"@type\":\"BreadcrumbList\",\"@id\":\"https:\/\/www.piippo.fi\/fi\/#breadcrumb\",\"itemListElement\":[{\"@type\":\"ListItem\",\"position\":1,\"name\":\"Etusivu\",\"item\":\"https:\/\/www.piippo.fi\/fi\/\"},{\"@type\":\"ListItem\",\"position\":2,\"name\":\"Etusivu\"}]},{\"@type\":\"WebSite\",\"@id\":\"https:\/\/www.piippo.fi\/#website\",\"url\":\"https:\/\/www.piippo.fi\/\",\"name\":\"Piippo \u2013\u00a0Focus on Feed\",\"description\":\"\",\"potentialAction\":[{\"@type\":\"SearchAction\",\"target\":{\"@type\":\"EntryPoint\",\"urlTemplate\":\"https:\/\/www.piippo.fi\/?s={search_term_string}\"},\"query-input\":\"required name=search_term_string\"}],\"inLanguage\":\"fi\"}]}<\/script>\n<!-- \/ Yoast SEO plugin. -->","yoast_head_json":{"title":"Paalausverkot ja paalauslangat \u2013 Piippo \u2013 Focus on Feed","description":"Meille laatu on kaikki kaikessa. Siksi keskitymme siihen ett\u00e4 paalaus onnistuu varmasti ja mahdollisimman v\u00e4h\u00e4n luontoa kuluttaen. Vain hyvin s\u00e4ilynyt sato tuottaa tulokset joita maailman kasvava v\u00e4kim\u00e4\u00e4r\u00e4 tarvitsee.","robots":{"index":"index","follow":"follow","max-snippet":"max-snippet:-1","max-image-preview":"max-image-preview:large","max-video-preview":"max-video-preview:-1"},"canonical":"https:\/\/www.piippo.fi\/fi\/","og_locale":"fi_FI","og_type":"article","og_title":"Paalausverkot ja paalauslangat \u2013 Piippo \u2013 Focus on Feed","og_description":"Meille laatu on kaikki kaikessa. Siksi keskitymme siihen ett\u00e4 paalaus onnistuu varmasti ja mahdollisimman v\u00e4h\u00e4n luontoa kuluttaen. Vain hyvin s\u00e4ilynyt sato tuottaa tulokset joita maailman kasvava v\u00e4kim\u00e4\u00e4r\u00e4 tarvitsee.","og_url":"https:\/\/www.piippo.fi\/fi\/","og_site_name":"Piippo \u2013\u00a0Focus on Feed","article_modified_time":"2026-03-13T14:56:12+00:00","og_image":[{"width":1200,"height":630,"url":"https:\/\/www.piippo.fi\/files\/piippo_focus-on-feed_1200x630.jpg","type":"image\/jpeg"}],"twitter_card":"summary_large_image","schema":{"@context":"https:\/\/schema.org","@graph":[{"@type":"WebPage","@id":"https:\/\/www.piippo.fi\/fi\/","url":"https:\/\/www.piippo.fi\/fi\/","name":"Paalausverkot ja paalauslangat \u2013 Piippo \u2013 Focus on Feed","isPartOf":{"@id":"https:\/\/www.piippo.fi\/#website"},"datePublished":"2018-10-16T12:39:32+00:00","dateModified":"2026-03-13T14:56:12+00:00","description":"Meille laatu on kaikki kaikessa. Siksi keskitymme siihen ett\u00e4 paalaus onnistuu varmasti ja mahdollisimman v\u00e4h\u00e4n luontoa kuluttaen. Vain hyvin s\u00e4ilynyt sato tuottaa tulokset joita maailman kasvava v\u00e4kim\u00e4\u00e4r\u00e4 tarvitsee.","breadcrumb":{"@id":"https:\/\/www.piippo.fi\/fi\/#breadcrumb"},"inLanguage":"fi","potentialAction":[{"@type":"ReadAction","target":["https:\/\/www.piippo.fi\/fi\/"]}]},{"@type":"BreadcrumbList","@id":"https:\/\/www.piippo.fi\/fi\/#breadcrumb","itemListElement":[{"@type":"ListItem","position":1,"name":"Etusivu","item":"https:\/\/www.piippo.fi\/fi\/"},{"@type":"ListItem","position":2,"name":"Etusivu"}]},{"@type":"WebSite","@id":"https:\/\/www.piippo.fi\/#website","url":"https:\/\/www.piippo.fi\/","name":"Piippo \u2013\u00a0Focus on Feed","description":"","potentialAction":[{"@type":"SearchAction","target":{"@type":"EntryPoint","urlTemplate":"https:\/\/www.piippo.fi\/?s={search_term_string}"},"query-input":"required name=search_term_string"}],"inLanguage":"fi"}]}},"_links":{"self":[{"href":"https:\/\/www.piippo.fi\/fi\/wp-json\/wp\/v2\/pages\/7864","targetHints":{"allow":["GET"]}}],"collection":[{"href":"https:\/\/www.piippo.fi\/fi\/wp-json\/wp\/v2\/pages"}],"about":[{"href":"https:\/\/www.piippo.fi\/fi\/wp-json\/wp\/v2\/types\/page"}],"author":[{"embeddable":true,"href":"https:\/\/www.piippo.fi\/fi\/wp-json\/wp\/v2\/users\/1"}],"replies":[{"embeddable":true,"href":"https:\/\/www.piippo.fi\/fi\/wp-json\/wp\/v2\/comments?post=7864"}],"version-history":[{"count":2,"href":"https:\/\/www.piippo.fi\/fi\/wp-json\/wp\/v2\/pages\/7864\/revisions"}],"predecessor-version":[{"id":11991,"href":"https:\/\/www.piippo.fi\/fi\/wp-json\/wp\/v2\/pages\/7864\/revisions\/11991"}],"wp:featuredmedia":[{"embeddable":true,"href":"https:\/\/www.piippo.fi\/fi\/wp-json\/wp\/v2\/media\/865"}],"wp:attachment":[{"href":"https:\/\/www.piippo.fi\/fi\/wp-json\/wp\/v2\/media?parent=7864"}],"wp:term":[{"taxonomy":"category","embeddable":true,"href":"https:\/\/www.piippo.fi\/fi\/wp-json\/wp\/v2\/categories?post=7864"},{"taxonomy":"post_tag","embeddable":true,"href":"https:\/\/www.piippo.fi\/fi\/wp-json\/wp\/v2\/tags?post=7864"}],"curies":[{"name":"wp","href":"https:\/\/api.w.org\/{rel}","templated":true}]}}