{"id":8045,"date":"2018-09-12T12:09:07","date_gmt":"2018-09-12T09:09:07","guid":{"rendered":"https:\/\/www.piippo.fi.digiveljet.dev\/?page_id=8045"},"modified":"2025-03-25T13:07:29","modified_gmt":"2025-03-25T11:07:29","slug":"avainluvut","status":"publish","type":"page","link":"https:\/\/www.piippo.fi\/fi\/avainluvut\/","title":{"rendered":"Avainluvut &#038; tietoa osakkeista"},"content":{"rendered":"","protected":false},"excerpt":{"rendered":"","protected":false},"author":1,"featured_media":692,"parent":0,"menu_order":5,"comment_status":"closed","ping_status":"closed","template":"","meta":{"footnotes":""},"categories":[17],"tags":[47],"class_list":["post-8045","page","type-page","status-publish","has-post-thumbnail","hentry","category-sijoittajalle","tag-sijoittajalle"],"acf":[],"yoast_head":"<!-- This site is optimized with the Yoast SEO plugin v20.3 - https:\/\/yoast.com\/wordpress\/plugins\/seo\/ -->\n<title>Avainluvut &amp; tietoa osakkeista &ndash; Piippo \u2013\u00a0Focus on Feed<\/title>\n<meta name=\"description\" content=\"Vuosikertomus koostuu kahdesta eri osiosta: Piippo Oyj:n vuosikatsauksesta sek\u00e4 tilinp\u00e4\u00e4t\u00f6s ja toimintakertomus -osiosta.\" \/>\n<meta name=\"robots\" content=\"index, follow, max-snippet:-1, max-image-preview:large, max-video-preview:-1\" \/>\n<link rel=\"canonical\" href=\"https:\/\/www.piippo.fi\/fi\/avainluvut\/\" \/>\n<meta property=\"og:locale\" content=\"fi_FI\" \/>\n<meta property=\"og:type\" content=\"article\" \/>\n<meta property=\"og:title\" content=\"Avainluvut &amp; tietoa osakkeista &ndash; Piippo \u2013\u00a0Focus on Feed\" \/>\n<meta property=\"og:description\" content=\"Vuosikertomus koostuu kahdesta eri osiosta: Piippo Oyj:n vuosikatsauksesta sek\u00e4 tilinp\u00e4\u00e4t\u00f6s ja toimintakertomus -osiosta.\" \/>\n<meta property=\"og:url\" content=\"https:\/\/www.piippo.fi\/fi\/avainluvut\/\" \/>\n<meta property=\"og:site_name\" content=\"Piippo \u2013\u00a0Focus on Feed\" \/>\n<meta property=\"article:modified_time\" content=\"2025-03-25T11:07:29+00:00\" \/>\n<meta property=\"og:image\" content=\"https:\/\/www.piippo.fi\/files\/piippo_world_.jpg\" \/>\n\t<meta property=\"og:image:width\" content=\"2048\" \/>\n\t<meta property=\"og:image:height\" content=\"1152\" \/>\n\t<meta property=\"og:image:type\" content=\"image\/jpeg\" \/>\n<meta name=\"twitter:card\" content=\"summary_large_image\" \/>\n<script type=\"application\/ld+json\" class=\"yoast-schema-graph\">{\"@context\":\"https:\/\/schema.org\",\"@graph\":[{\"@type\":\"WebPage\",\"@id\":\"https:\/\/www.piippo.fi\/fi\/avainluvut\/\",\"url\":\"https:\/\/www.piippo.fi\/fi\/avainluvut\/\",\"name\":\"Avainluvut & tietoa osakkeista &ndash; Piippo \u2013\u00a0Focus on Feed\",\"isPartOf\":{\"@id\":\"https:\/\/www.piippo.fi\/#website\"},\"datePublished\":\"2018-09-12T09:09:07+00:00\",\"dateModified\":\"2025-03-25T11:07:29+00:00\",\"description\":\"Vuosikertomus koostuu kahdesta eri osiosta: Piippo Oyj:n vuosikatsauksesta sek\u00e4 tilinp\u00e4\u00e4t\u00f6s ja toimintakertomus -osiosta.\",\"breadcrumb\":{\"@id\":\"https:\/\/www.piippo.fi\/fi\/avainluvut\/#breadcrumb\"},\"inLanguage\":\"fi\",\"potentialAction\":[{\"@type\":\"ReadAction\",\"target\":[\"https:\/\/www.piippo.fi\/fi\/avainluvut\/\"]}]},{\"@type\":\"BreadcrumbList\",\"@id\":\"https:\/\/www.piippo.fi\/fi\/avainluvut\/#breadcrumb\",\"itemListElement\":[{\"@type\":\"ListItem\",\"position\":1,\"name\":\"Etusivu\",\"item\":\"https:\/\/www.piippo.fi\/fi\/\"},{\"@type\":\"ListItem\",\"position\":2,\"name\":\"Avainluvut &#038; tietoa osakkeista\"}]},{\"@type\":\"WebSite\",\"@id\":\"https:\/\/www.piippo.fi\/#website\",\"url\":\"https:\/\/www.piippo.fi\/\",\"name\":\"Piippo \u2013\u00a0Focus on Feed\",\"description\":\"\",\"potentialAction\":[{\"@type\":\"SearchAction\",\"target\":{\"@type\":\"EntryPoint\",\"urlTemplate\":\"https:\/\/www.piippo.fi\/?s={search_term_string}\"},\"query-input\":\"required name=search_term_string\"}],\"inLanguage\":\"fi\"}]}<\/script>\n<!-- \/ Yoast SEO plugin. -->","yoast_head_json":{"title":"Avainluvut & tietoa osakkeista &ndash; Piippo \u2013\u00a0Focus on Feed","description":"Vuosikertomus koostuu kahdesta eri osiosta: Piippo Oyj:n vuosikatsauksesta sek\u00e4 tilinp\u00e4\u00e4t\u00f6s ja toimintakertomus -osiosta.","robots":{"index":"index","follow":"follow","max-snippet":"max-snippet:-1","max-image-preview":"max-image-preview:large","max-video-preview":"max-video-preview:-1"},"canonical":"https:\/\/www.piippo.fi\/fi\/avainluvut\/","og_locale":"fi_FI","og_type":"article","og_title":"Avainluvut & tietoa osakkeista &ndash; Piippo \u2013\u00a0Focus on Feed","og_description":"Vuosikertomus koostuu kahdesta eri osiosta: Piippo Oyj:n vuosikatsauksesta sek\u00e4 tilinp\u00e4\u00e4t\u00f6s ja toimintakertomus -osiosta.","og_url":"https:\/\/www.piippo.fi\/fi\/avainluvut\/","og_site_name":"Piippo \u2013\u00a0Focus on Feed","article_modified_time":"2025-03-25T11:07:29+00:00","og_image":[{"width":2048,"height":1152,"url":"https:\/\/www.piippo.fi\/files\/piippo_world_.jpg","type":"image\/jpeg"}],"twitter_card":"summary_large_image","schema":{"@context":"https:\/\/schema.org","@graph":[{"@type":"WebPage","@id":"https:\/\/www.piippo.fi\/fi\/avainluvut\/","url":"https:\/\/www.piippo.fi\/fi\/avainluvut\/","name":"Avainluvut & tietoa osakkeista &ndash; Piippo \u2013\u00a0Focus on Feed","isPartOf":{"@id":"https:\/\/www.piippo.fi\/#website"},"datePublished":"2018-09-12T09:09:07+00:00","dateModified":"2025-03-25T11:07:29+00:00","description":"Vuosikertomus koostuu kahdesta eri osiosta: Piippo Oyj:n vuosikatsauksesta sek\u00e4 tilinp\u00e4\u00e4t\u00f6s ja toimintakertomus -osiosta.","breadcrumb":{"@id":"https:\/\/www.piippo.fi\/fi\/avainluvut\/#breadcrumb"},"inLanguage":"fi","potentialAction":[{"@type":"ReadAction","target":["https:\/\/www.piippo.fi\/fi\/avainluvut\/"]}]},{"@type":"BreadcrumbList","@id":"https:\/\/www.piippo.fi\/fi\/avainluvut\/#breadcrumb","itemListElement":[{"@type":"ListItem","position":1,"name":"Etusivu","item":"https:\/\/www.piippo.fi\/fi\/"},{"@type":"ListItem","position":2,"name":"Avainluvut &#038; tietoa osakkeista"}]},{"@type":"WebSite","@id":"https:\/\/www.piippo.fi\/#website","url":"https:\/\/www.piippo.fi\/","name":"Piippo \u2013\u00a0Focus on Feed","description":"","potentialAction":[{"@type":"SearchAction","target":{"@type":"EntryPoint","urlTemplate":"https:\/\/www.piippo.fi\/?s={search_term_string}"},"query-input":"required name=search_term_string"}],"inLanguage":"fi"}]}},"_links":{"self":[{"href":"https:\/\/www.piippo.fi\/fi\/wp-json\/wp\/v2\/pages\/8045","targetHints":{"allow":["GET"]}}],"collection":[{"href":"https:\/\/www.piippo.fi\/fi\/wp-json\/wp\/v2\/pages"}],"about":[{"href":"https:\/\/www.piippo.fi\/fi\/wp-json\/wp\/v2\/types\/page"}],"author":[{"embeddable":true,"href":"https:\/\/www.piippo.fi\/fi\/wp-json\/wp\/v2\/users\/1"}],"replies":[{"embeddable":true,"href":"https:\/\/www.piippo.fi\/fi\/wp-json\/wp\/v2\/comments?post=8045"}],"version-history":[{"count":1,"href":"https:\/\/www.piippo.fi\/fi\/wp-json\/wp\/v2\/pages\/8045\/revisions"}],"predecessor-version":[{"id":8048,"href":"https:\/\/www.piippo.fi\/fi\/wp-json\/wp\/v2\/pages\/8045\/revisions\/8048"}],"wp:featuredmedia":[{"embeddable":true,"href":"https:\/\/www.piippo.fi\/fi\/wp-json\/wp\/v2\/media\/692"}],"wp:attachment":[{"href":"https:\/\/www.piippo.fi\/fi\/wp-json\/wp\/v2\/media?parent=8045"}],"wp:term":[{"taxonomy":"category","embeddable":true,"href":"https:\/\/www.piippo.fi\/fi\/wp-json\/wp\/v2\/categories?post=8045"},{"taxonomy":"post_tag","embeddable":true,"href":"https:\/\/www.piippo.fi\/fi\/wp-json\/wp\/v2\/tags?post=8045"}],"curies":[{"name":"wp","href":"https:\/\/api.w.org\/{rel}","templated":true}]}}